{"id":46,"date":"2013-09-19T09:50:07","date_gmt":"2013-09-19T08:50:07","guid":{"rendered":"http:\/\/st-preview.be\/knipoog\/?page_id=46"},"modified":"2023-09-08T08:02:57","modified_gmt":"2023-09-08T07:02:57","slug":"oudercomite","status":"publish","type":"page","link":"https:\/\/www.website.gvbsrummen.be\/?page_id=46","title":{"rendered":"Oudercomit\u00e9"},"content":{"rendered":"\n<div class=\"wp-block-columns\">\n<div class=\"wp-block-column\" style=\"flex-basis:100%\">\n<div class=\"wp-block-media-text alignfull is-stacked-on-mobile\" style=\"grid-template-columns:15% auto\"><figure class=\"wp-block-media-text__media\"><img loading=\"lazy\" width=\"512\" height=\"512\" src=\"https:\/\/www.website.gvbsrummen.be\/wp-content\/uploads\/2020\/10\/b326b5f8d23cd1e0f18df4c9265416f7.png\" alt=\"\" class=\"wp-image-2283 size-full\" srcset=\"https:\/\/www.website.gvbsrummen.be\/wp-content\/uploads\/2020\/10\/b326b5f8d23cd1e0f18df4c9265416f7.png 512w, https:\/\/www.website.gvbsrummen.be\/wp-content\/uploads\/2020\/10\/b326b5f8d23cd1e0f18df4c9265416f7-300x300.png 300w, https:\/\/www.website.gvbsrummen.be\/wp-content\/uploads\/2020\/10\/b326b5f8d23cd1e0f18df4c9265416f7-150x150.png 150w, https:\/\/www.website.gvbsrummen.be\/wp-content\/uploads\/2020\/10\/b326b5f8d23cd1e0f18df4c9265416f7-230x230.png 230w, https:\/\/www.website.gvbsrummen.be\/wp-content\/uploads\/2020\/10\/b326b5f8d23cd1e0f18df4c9265416f7-350x350.png 350w, https:\/\/www.website.gvbsrummen.be\/wp-content\/uploads\/2020\/10\/b326b5f8d23cd1e0f18df4c9265416f7-480x480.png 480w\" sizes=\"(max-width: 512px) 100vw, 512px\" \/><\/figure><div class=\"wp-block-media-text__content\">\n<p class=\"has-large-font-size\">Volg ons nu op onze facebookpagina!<\/p>\n\n\n\n<p><span style=\"text-decoration: underline;\"><a href=\"https:\/\/www.facebook.com\/profile.php?id=100088559029032\" target=\"_blank\" rel=\"noreferrer noopener\"><strong>Klik hier om ons te vinden.<\/strong><\/a><\/span><\/p>\n<\/div><\/div>\n<\/div>\n<\/div>\n\n\n\n<div class=\"wp-block-file\"><a href=\"https:\/\/www.website.gvbsrummen.be\/wp-content\/uploads\/2023\/09\/Flyer-oudercomite-2023-1.pdf\">Flyer oudercomite 2023<\/a><a href=\"https:\/\/www.website.gvbsrummen.be\/wp-content\/uploads\/2023\/09\/Flyer-oudercomite-2023-1.pdf\" class=\"wp-block-file__button\" download>Download<\/a><\/div>\n\n\n<p>Het oudercomit\u00e9 is een groep enthousiaste ouders die zich net dat beetje meer inzetten voor de school, voor de kinderen en voor de ouders.<\/p>\n<p>Iedereen die dat wil kan zich aansluiten bij het oudercomit\u00e9.<br>Lid worden kan door een mailtje te sturen naar ons mailadres (ocdeknipoog.rummen@gmail.com) of door \u00e9\u00e9n van de leden te contacteren.<br>Wij streven ernaar om uit elke kleuterklas en elk leerjaar minstens \u00e9\u00e9n ouder als lid in het oudercomit\u00e9 te hebben.<\/p>\n<p>Initiatieven van het oudercomit\u00e9:<\/p>\n<ul>\n<li>Verzorgen van het grootouderfeest<\/li>\n<li>Financi\u00eble hulp aan de Sint en de Paashaas bieden<\/li>\n<li>Klussende handen op school<\/li>\n<li>Helpen bij schoolfeest<\/li>\n<li>Organisatie en financiering van receptie van het zesde leerjaar<\/li>\n<li>Leerkrachtendag<\/li>\n<li>Speeltuigen<\/li>\n<li>&#8230;<\/li>\n<\/ul>\n<p>Acties die ze organiseren:<\/p>\n<ul>\n<li>Halloweenwandeling<\/li>\n<li>Soep voor de kinderen in de wintermaanden<\/li>\n<li>Wafels- en koekjesverkoop<\/li>\n<li>&#8230;<\/li>\n<\/ul>\n<h4>&nbsp;<\/h4>","protected":false},"excerpt":{"rendered":"<p>Het oudercomit\u00e9 is een groep enthousiaste ouders die zich net dat beetje meer inzetten voor de school, voor de kinderen en voor de ouders. Iedereen die dat wil kan zich aansluiten bij het oudercomit\u00e9.Lid worden kan door een mailtje te sturen naar ons mailadres (ocdeknipoog.rummen@gmail.com) of door \u00e9\u00e9n van de leden te contacteren.Wij streven ernaar [&hellip;]<\/p>\n","protected":false},"author":1,"featured_media":0,"parent":0,"menu_order":0,"comment_status":"closed","ping_status":"closed","template":"","meta":[],"yoast_head":"<!-- This site is optimized with the Yoast SEO plugin v18.3 - https:\/\/yoast.com\/wordpress\/plugins\/seo\/ -->\n<title>Oudercomit\u00e9 - De Knipoog<\/title>\n<meta name=\"robots\" content=\"index, follow, max-snippet:-1, max-image-preview:large, max-video-preview:-1\" \/>\n<link rel=\"canonical\" href=\"https:\/\/www.website.gvbsrummen.be\/?page_id=46\" \/>\n<meta property=\"og:locale\" content=\"nl_NL\" \/>\n<meta property=\"og:type\" content=\"article\" \/>\n<meta property=\"og:title\" content=\"Oudercomit\u00e9 - De Knipoog\" \/>\n<meta property=\"og:description\" content=\"Het oudercomit\u00e9 is een groep enthousiaste ouders die zich net dat beetje meer inzetten voor de school, voor de kinderen en voor de ouders. Iedereen die dat wil kan zich aansluiten bij het oudercomit\u00e9.Lid worden kan door een mailtje te sturen naar ons mailadres (ocdeknipoog.rummen@gmail.com) of door \u00e9\u00e9n van de leden te contacteren.Wij streven ernaar [&hellip;]\" \/>\n<meta property=\"og:url\" content=\"https:\/\/www.website.gvbsrummen.be\/?page_id=46\" \/>\n<meta property=\"og:site_name\" content=\"De Knipoog\" \/>\n<meta property=\"article:modified_time\" content=\"2023-09-08T07:02:57+00:00\" \/>\n<meta property=\"og:image\" content=\"https:\/\/www.website.gvbsrummen.be\/wp-content\/uploads\/2020\/10\/b326b5f8d23cd1e0f18df4c9265416f7.png\" \/>\n<meta name=\"twitter:card\" content=\"summary_large_image\" \/>\n<meta name=\"twitter:label1\" content=\"Geschatte leestijd\" \/>\n\t<meta name=\"twitter:data1\" content=\"1 minuut\" \/>\n<script type=\"application\/ld+json\" class=\"yoast-schema-graph\">{\"@context\":\"https:\/\/schema.org\",\"@graph\":[{\"@type\":\"WebSite\",\"@id\":\"https:\/\/www.website.gvbsrummen.be\/#website\",\"url\":\"https:\/\/www.website.gvbsrummen.be\/\",\"name\":\"De Knipoog\",\"description\":\"\",\"potentialAction\":[{\"@type\":\"SearchAction\",\"target\":{\"@type\":\"EntryPoint\",\"urlTemplate\":\"https:\/\/www.website.gvbsrummen.be\/?s={search_term_string}\"},\"query-input\":\"required name=search_term_string\"}],\"inLanguage\":\"nl\"},{\"@type\":\"ImageObject\",\"@id\":\"https:\/\/www.website.gvbsrummen.be\/?page_id=46#primaryimage\",\"inLanguage\":\"nl\",\"url\":\"https:\/\/www.website.gvbsrummen.be\/wp-content\/uploads\/2020\/10\/b326b5f8d23cd1e0f18df4c9265416f7.png\",\"contentUrl\":\"https:\/\/www.website.gvbsrummen.be\/wp-content\/uploads\/2020\/10\/b326b5f8d23cd1e0f18df4c9265416f7.png\",\"width\":512,\"height\":512},{\"@type\":\"WebPage\",\"@id\":\"https:\/\/www.website.gvbsrummen.be\/?page_id=46#webpage\",\"url\":\"https:\/\/www.website.gvbsrummen.be\/?page_id=46\",\"name\":\"Oudercomit\u00e9 - De Knipoog\",\"isPartOf\":{\"@id\":\"https:\/\/www.website.gvbsrummen.be\/#website\"},\"primaryImageOfPage\":{\"@id\":\"https:\/\/www.website.gvbsrummen.be\/?page_id=46#primaryimage\"},\"datePublished\":\"2013-09-19T08:50:07+00:00\",\"dateModified\":\"2023-09-08T07:02:57+00:00\",\"breadcrumb\":{\"@id\":\"https:\/\/www.website.gvbsrummen.be\/?page_id=46#breadcrumb\"},\"inLanguage\":\"nl\",\"potentialAction\":[{\"@type\":\"ReadAction\",\"target\":[\"https:\/\/www.website.gvbsrummen.be\/?page_id=46\"]}]},{\"@type\":\"BreadcrumbList\",\"@id\":\"https:\/\/www.website.gvbsrummen.be\/?page_id=46#breadcrumb\",\"itemListElement\":[{\"@type\":\"ListItem\",\"position\":1,\"name\":\"Home\",\"item\":\"https:\/\/www.website.gvbsrummen.be\/\"},{\"@type\":\"ListItem\",\"position\":2,\"name\":\"Oudercomit\u00e9\"}]}]}<\/script>\n<!-- \/ Yoast SEO plugin. -->","yoast_head_json":{"title":"Oudercomit\u00e9 - De Knipoog","robots":{"index":"index","follow":"follow","max-snippet":"max-snippet:-1","max-image-preview":"max-image-preview:large","max-video-preview":"max-video-preview:-1"},"canonical":"https:\/\/www.website.gvbsrummen.be\/?page_id=46","og_locale":"nl_NL","og_type":"article","og_title":"Oudercomit\u00e9 - De Knipoog","og_description":"Het oudercomit\u00e9 is een groep enthousiaste ouders die zich net dat beetje meer inzetten voor de school, voor de kinderen en voor de ouders. Iedereen die dat wil kan zich aansluiten bij het oudercomit\u00e9.Lid worden kan door een mailtje te sturen naar ons mailadres (ocdeknipoog.rummen@gmail.com) of door \u00e9\u00e9n van de leden te contacteren.Wij streven ernaar [&hellip;]","og_url":"https:\/\/www.website.gvbsrummen.be\/?page_id=46","og_site_name":"De Knipoog","article_modified_time":"2023-09-08T07:02:57+00:00","og_image":[{"url":"https:\/\/www.website.gvbsrummen.be\/wp-content\/uploads\/2020\/10\/b326b5f8d23cd1e0f18df4c9265416f7.png"}],"twitter_card":"summary_large_image","twitter_misc":{"Geschatte leestijd":"1 minuut"},"schema":{"@context":"https:\/\/schema.org","@graph":[{"@type":"WebSite","@id":"https:\/\/www.website.gvbsrummen.be\/#website","url":"https:\/\/www.website.gvbsrummen.be\/","name":"De Knipoog","description":"","potentialAction":[{"@type":"SearchAction","target":{"@type":"EntryPoint","urlTemplate":"https:\/\/www.website.gvbsrummen.be\/?s={search_term_string}"},"query-input":"required name=search_term_string"}],"inLanguage":"nl"},{"@type":"ImageObject","@id":"https:\/\/www.website.gvbsrummen.be\/?page_id=46#primaryimage","inLanguage":"nl","url":"https:\/\/www.website.gvbsrummen.be\/wp-content\/uploads\/2020\/10\/b326b5f8d23cd1e0f18df4c9265416f7.png","contentUrl":"https:\/\/www.website.gvbsrummen.be\/wp-content\/uploads\/2020\/10\/b326b5f8d23cd1e0f18df4c9265416f7.png","width":512,"height":512},{"@type":"WebPage","@id":"https:\/\/www.website.gvbsrummen.be\/?page_id=46#webpage","url":"https:\/\/www.website.gvbsrummen.be\/?page_id=46","name":"Oudercomit\u00e9 - De Knipoog","isPartOf":{"@id":"https:\/\/www.website.gvbsrummen.be\/#website"},"primaryImageOfPage":{"@id":"https:\/\/www.website.gvbsrummen.be\/?page_id=46#primaryimage"},"datePublished":"2013-09-19T08:50:07+00:00","dateModified":"2023-09-08T07:02:57+00:00","breadcrumb":{"@id":"https:\/\/www.website.gvbsrummen.be\/?page_id=46#breadcrumb"},"inLanguage":"nl","potentialAction":[{"@type":"ReadAction","target":["https:\/\/www.website.gvbsrummen.be\/?page_id=46"]}]},{"@type":"BreadcrumbList","@id":"https:\/\/www.website.gvbsrummen.be\/?page_id=46#breadcrumb","itemListElement":[{"@type":"ListItem","position":1,"name":"Home","item":"https:\/\/www.website.gvbsrummen.be\/"},{"@type":"ListItem","position":2,"name":"Oudercomit\u00e9"}]}]}},"_links":{"self":[{"href":"https:\/\/www.website.gvbsrummen.be\/index.php?rest_route=\/wp\/v2\/pages\/46"}],"collection":[{"href":"https:\/\/www.website.gvbsrummen.be\/index.php?rest_route=\/wp\/v2\/pages"}],"about":[{"href":"https:\/\/www.website.gvbsrummen.be\/index.php?rest_route=\/wp\/v2\/types\/page"}],"author":[{"embeddable":true,"href":"https:\/\/www.website.gvbsrummen.be\/index.php?rest_route=\/wp\/v2\/users\/1"}],"replies":[{"embeddable":true,"href":"https:\/\/www.website.gvbsrummen.be\/index.php?rest_route=%2Fwp%2Fv2%2Fcomments&post=46"}],"version-history":[{"count":15,"href":"https:\/\/www.website.gvbsrummen.be\/index.php?rest_route=\/wp\/v2\/pages\/46\/revisions"}],"predecessor-version":[{"id":2506,"href":"https:\/\/www.website.gvbsrummen.be\/index.php?rest_route=\/wp\/v2\/pages\/46\/revisions\/2506"}],"wp:attachment":[{"href":"https:\/\/www.website.gvbsrummen.be\/index.php?rest_route=%2Fwp%2Fv2%2Fmedia&parent=46"}],"curies":[{"name":"wp","href":"https:\/\/api.w.org\/{rel}","templated":true}]}}